{"id":9620,"date":"2019-08-05T16:31:01","date_gmt":"2019-08-05T14:31:01","guid":{"rendered":"https:\/\/schloss-wissen.de\/?page_id=9620"},"modified":"2019-08-13T12:22:57","modified_gmt":"2019-08-13T10:22:57","slug":"vergaderlocatie","status":"publish","type":"page","link":"https:\/\/schloss-wissen.de\/nl\/vergaderlocatie\/","title":{"rendered":"Vergaderlocatie"},"content":{"rendered":"\n<style type=\"text\/css\" data-created_by=\"avia_inline_auto\" id=\"style-css-av-4htc47n-7e366e74dc07cd35b90ee45eaefac387\">\n.avia-section.av-4htc47n-7e366e74dc07cd35b90ee45eaefac387{\nbackground-repeat:no-repeat;\nbackground-image:url(https:\/\/schloss-wissen.de\/wp-content\/uploads\/headerbild_tagung.jpg);\nbackground-position:50% 50%;\nbackground-attachment:scroll;\n}\n.avia-section.av-4htc47n-7e366e74dc07cd35b90ee45eaefac387 .av-section-color-overlay{\nopacity:0.2;\nbackground-color:#000000;\n}\n<\/style>\n<div id='av_section_1'  class='avia-section av-4htc47n-7e366e74dc07cd35b90ee45eaefac387 main_color avia-section-large avia-no-shadow  avia-builder-el-0  el_before_av_section  avia-builder-el-first  avia-full-stretch avia-bg-style-scroll av-section-color-overlay-active container_wrap sidebar_right'  data-section-bg-repeat='stretch'><div class=\"av-section-color-overlay-wrap\"><div class=\"av-section-color-overlay\"><\/div><div class='container av-section-cont-open' ><main  role=\"main\" itemprop=\"mainContentOfPage\"  class='template-page content  av-content-small alpha units'><div class='post-entry post-entry-type-page post-entry-9620'><div class='entry-content-wrapper clearfix'>\n\n<style type=\"text\/css\" data-created_by=\"avia_inline_auto\" id=\"style-css-av-jyyh4j4w-e5eebcea02f583a8643652311c8dc561\">\n#top .av-special-heading.av-jyyh4j4w-e5eebcea02f583a8643652311c8dc561{\npadding-bottom:0;\ncolor:#ffffff;\nfont-size:50px;\n}\nbody .av-special-heading.av-jyyh4j4w-e5eebcea02f583a8643652311c8dc561 .av-special-heading-tag .heading-char{\nfont-size:25px;\n}\n#top #wrap_all .av-special-heading.av-jyyh4j4w-e5eebcea02f583a8643652311c8dc561 .av-special-heading-tag{\nfont-size:50px;\n}\n.av-special-heading.av-jyyh4j4w-e5eebcea02f583a8643652311c8dc561 .special-heading-inner-border{\nborder-color:#ffffff;\n}\n.av-special-heading.av-jyyh4j4w-e5eebcea02f583a8643652311c8dc561 .av-subheading{\nfont-size:15px;\n}\n\n@media only screen and (min-width: 480px) and (max-width: 767px){ \n#top #wrap_all .av-special-heading.av-jyyh4j4w-e5eebcea02f583a8643652311c8dc561 .av-special-heading-tag{\nfont-size:0.8em;\n}\n}\n\n@media only screen and (max-width: 479px){ \n#top #wrap_all .av-special-heading.av-jyyh4j4w-e5eebcea02f583a8643652311c8dc561 .av-special-heading-tag{\nfont-size:0.8em;\n}\n}\n<\/style>\n<div  class='av-special-heading av-jyyh4j4w-e5eebcea02f583a8643652311c8dc561 av-special-heading-h1 custom-color-heading blockquote modern-quote modern-centered  avia-builder-el-1  el_before_av_hr  avia-builder-el-first  av-inherit-size'><h1 class='av-special-heading-tag '  itemprop=\"headline\"  >Vergaderlocatie Schloss Wissen<\/h1><div class='av_custom_color av-subheading av-subheading_below'><p>Uw vergadering op Schloss Wissen<\/p>\n<\/div><div class=\"special-heading-border\"><div class=\"special-heading-inner-border\"><\/div><\/div><\/div>\n\n<style type=\"text\/css\" data-created_by=\"avia_inline_auto\" id=\"style-css-av-frea37-7d9a1a80cb1c5c2296ea47e938ac503c\">\n#top .hr.av-frea37-7d9a1a80cb1c5c2296ea47e938ac503c{\nmargin-top:30px;\nmargin-bottom:30px;\n}\n.hr.av-frea37-7d9a1a80cb1c5c2296ea47e938ac503c .hr-inner{\nwidth:20%;\nborder-color:rgba(255,255,255,0.76);\nmax-width:45%;\n}\n.hr.av-frea37-7d9a1a80cb1c5c2296ea47e938ac503c .av-seperator-icon{\ncolor:#ffffff;\n}\n.hr.av-frea37-7d9a1a80cb1c5c2296ea47e938ac503c .av-seperator-icon.avia-svg-icon svg:first-child{\nfill:#ffffff;\nstroke:#ffffff;\n}\n<\/style>\n<div  class='hr av-frea37-7d9a1a80cb1c5c2296ea47e938ac503c hr-custom  avia-builder-el-2  el_after_av_heading  avia-builder-el-last  hr-center hr-icon-yes'><span class='hr-inner inner-border-av-border-thin'><span class=\"hr-inner-style\"><\/span><\/span><span class='av-seperator-icon avia-iconfont avia-font-entypo-fontello' data-av_icon='\ue8bf' data-av_iconfont='entypo-fontello' ><\/span><span class='hr-inner inner-border-av-border-thin'><span class=\"hr-inner-style\"><\/span><\/span><\/div>\n\n<\/div><\/div><\/main><!-- close content main element --><\/div><\/div><\/div><div id='av_section_2'  class='avia-section av-4brdbn7-aeb3595a1826403152f7885768a57141 main_color avia-section-small avia-no-border-styling  avia-builder-el-3  el_after_av_section  el_before_av_section  avia-bg-style-fixed container_wrap sidebar_right'  ><div class='container av-section-cont-open' ><div class='template-page content  av-content-small alpha units'><div class='post-entry post-entry-type-page post-entry-9620'><div class='entry-content-wrapper clearfix'>\n<div class='flex_column_table av-4b0mqv7-20eb4b8976b657f909d25637738bb2d5 sc-av_one_full av-equal-height-column-flextable'>\n<style type=\"text\/css\" data-created_by=\"avia_inline_auto\" id=\"style-css-av-4b0mqv7-20eb4b8976b657f909d25637738bb2d5\">\n#top .flex_column_table.av-equal-height-column-flextable.av-4b0mqv7-20eb4b8976b657f909d25637738bb2d5{\nmargin-top:-60px;\nmargin-bottom:0px;\n}\n.flex_column.av-4b0mqv7-20eb4b8976b657f909d25637738bb2d5{\nborder-radius:0px 0px 0px 0px;\npadding:30px 30px 30px 30px;\nbackground-color:#ffffff;\n}\n<\/style>\n<div  class='flex_column av-4b0mqv7-20eb4b8976b657f909d25637738bb2d5 av_one_full  avia-builder-el-4  avia-builder-el-no-sibling  first no_margin flex_column_table_cell av-equal-height-column av-align-top  '     ><p>\n<style type=\"text\/css\" data-created_by=\"avia_inline_auto\" id=\"style-css-av-49s75zn-2debf6bd8ccfca6fab5ed9254a511621\">\n#top .hr.hr-invisible.av-49s75zn-2debf6bd8ccfca6fab5ed9254a511621{\nmargin-top:-30px;\nheight:1px;\n}\n<\/style>\n<div  class='hr av-49s75zn-2debf6bd8ccfca6fab5ed9254a511621 hr-invisible  avia-builder-el-5  el_before_av_heading  avia-builder-el-first '><span class='hr-inner '><span class=\"hr-inner-style\"><\/span><\/span><\/div><br \/>\n\n<style type=\"text\/css\" data-created_by=\"avia_inline_auto\" id=\"style-css-av-av_heading-927f31552ac864f96003c0d6a6e62af4\">\n#top .av-special-heading.av-av_heading-927f31552ac864f96003c0d6a6e62af4{\npadding-bottom:0;\n}\nbody .av-special-heading.av-av_heading-927f31552ac864f96003c0d6a6e62af4 .av-special-heading-tag .heading-char{\nfont-size:25px;\n}\n.av-special-heading.av-av_heading-927f31552ac864f96003c0d6a6e62af4 .av-subheading{\nfont-size:15px;\n}\n<\/style>\n<div  class='av-special-heading av-av_heading-927f31552ac864f96003c0d6a6e62af4 av-special-heading-h2 blockquote modern-quote  avia-builder-el-6  el_after_av_hr  el_before_av_textblock '><h2 class='av-special-heading-tag '  itemprop=\"headline\"  >Vergaderlocatie Weeze<\/h2><div class=\"special-heading-border\"><div class=\"special-heading-inner-border\"><\/div><\/div><\/div><br \/>\n<section  class='av_textblock_section av-jy5j97yj-406a2ae3fae7d831131e5dc9a86c84bf '   itemscope=\"itemscope\" itemtype=\"https:\/\/schema.org\/CreativeWork\" ><div class='avia_textblock'  itemprop=\"text\" ><p>In de vergaderruimtes van Schloss Wissen is het mogelijk om vergaderingen, seminars en congressen te organiseren. De verschillende ruimtes zijn tot 50 personen beschikbaar en de opstelling kan op ieder gewenste manier worden gereserveerd.<\/p>\n<\/div><\/section><br \/>\n<div  class='avia-button-wrap av-jyzhdkm8-ad9066a178f29108eefdd2f174885ca8-wrap avia-button-center  avia-builder-el-8  el_after_av_textblock  el_before_av_textblock '><a href='https:\/\/schloss-wissen.de\/nl\/vergaderen\/'  class='avia-button av-jyzhdkm8-ad9066a178f29108eefdd2f174885ca8 av-link-btn avia-icon_select-no avia-size-x-large avia-position-center av-icon-on-hover avia-color-theme-color'   aria-label=\"Bekijk vergaderruimtes\"><span class='avia_iconbox_title' >Bekijk vergaderruimtes<\/span><\/a><\/div><br \/>\n<section  class='av_textblock_section av-jyzhuguj-5557bc0d8618d37dc9a6099b7f29de10 '   itemscope=\"itemscope\" itemtype=\"https:\/\/schema.org\/CreativeWork\" ><div class='avia_textblock'  itemprop=\"text\" ><p>Daarnaast is er de mogelijkheid om op Schloss Wissen te overnachten en diverse feesten te organiseren. Denk hierbij aan familiefeesten, bruiloften of een bedrijfsfeest. Het kasteel is gelegen in een groene omgeving wat verschillende excursiemogelijkheden biedt. Een kasteelrondleiding in combinatie met een overnachting in een van de historische <a href=\"https:\/\/schloss-wissen.de\/nl\/overnachten\/huizen\/\">gastenverblijven<\/a>? Kom\u00a0wandelen, fietsen en <a href=\"https:\/\/schloss-wissen.de\/nl\/het-kasteel\/excursies-omgeving\/\">ontdekken<\/a>!<\/p>\n<\/div><\/section><\/p><\/div><\/div><!--close column table wrapper. Autoclose: 1 --><\/div><\/div><\/div><!-- close content main div --><\/div><\/div>\n<style type=\"text\/css\" data-created_by=\"avia_inline_auto\" id=\"style-css-av-abogeb-90d685fb8361374a24eaaf7ebccd04b9\">\n.avia-section.av-abogeb-90d685fb8361374a24eaaf7ebccd04b9{\nbackground-color:#ffffff;\nbackground-image:unset;\n}\n<\/style>\n<div id='av_section_3'  class='avia-section av-abogeb-90d685fb8361374a24eaaf7ebccd04b9 main_color avia-section-small avia-no-border-styling  avia-builder-el-10  el_after_av_section  avia-builder-el-last  avia-bg-style-fixed container_wrap sidebar_right'  ><div class='container av-section-cont-open' ><div class='template-page content  av-content-small alpha units'><div class='post-entry post-entry-type-page post-entry-9620'><div class='entry-content-wrapper clearfix'>\n<div class='flex_column_table av-12ypftf-126cf2bdb0358521b23947f6ce41991f sc-av_one_half av-equal-height-column-flextable'>\n<style type=\"text\/css\" data-created_by=\"avia_inline_auto\" id=\"style-css-av-12ypftf-126cf2bdb0358521b23947f6ce41991f\">\n#top .flex_column_table.av-equal-height-column-flextable.av-12ypftf-126cf2bdb0358521b23947f6ce41991f{\nmargin-top:-60px;\nmargin-bottom:0px;\n}\n.flex_column.av-12ypftf-126cf2bdb0358521b23947f6ce41991f{\nborder-radius:0px 0px 0px 0px;\npadding:30px 30px 30px 30px;\nbackground-color:#f0f0f0;\n}\n<\/style>\n<div  class='flex_column av-12ypftf-126cf2bdb0358521b23947f6ce41991f av_one_half  avia-builder-el-11  el_before_av_hr  avia-builder-el-first  first no_margin flex_column_table_cell av-equal-height-column av-align-top  '     ><p>\n<style type=\"text\/css\" data-created_by=\"avia_inline_auto\" id=\"style-css-sub-av-10qy7mb-f022c1461d438186d51cf0bd771b9624\">\n.av-hotspot-image-container .av-image-hotspot.av-1053e03-f62b6d0aa12f9bcb997410796afae992{\ntop:82.9%;\nleft:16.3%;\n}\n.av-hotspot-image-container .av-image-hotspot.av-xkjrqb-62d9d2fa9ca37e0ebe42a5740fa6740e{\ntop:77.7%;\nleft:4.4%;\n}\n.av-hotspot-image-container .av-image-hotspot.av-vre3ab-7e5dc38b5b5392a6ebdcb51cffdcbf1b{\ntop:44.2%;\nleft:92%;\n}\n<\/style>\n<div  class='av-hotspot-image-container av-10qy7mb-f022c1461d438186d51cf0bd771b9624  avia-builder-el-12  el_before_av_hr  avia-builder-el-first  av-hotspot-numbered av-mobile-fallback-active  av-non-fullwidth-hotspot-image'  itemprop=\"image\" itemscope=\"itemscope\" itemtype=\"https:\/\/schema.org\/ImageObject\" ><div class='av-hotspot-container'><div class='av-hotspot-container-inner-cell'><div class='av-hotspot-container-inner-wrap'><div class='av-image-hotspot av-1053e03-f62b6d0aa12f9bcb997410796afae992 av-image-hotspot-1 ' data-avia-tooltip-position='' data-avia-tooltip-alignment='centered' data-avia-tooltip-class='   av-mobile-fallback-active   av-tt-hotspot' data-avia-tooltip=''><div class='av-image-hotspot_inner'>1<\/div><div class='av-image-hotspot-pulse'><\/div><\/div><div class='av-image-hotspot av-xkjrqb-62d9d2fa9ca37e0ebe42a5740fa6740e av-image-hotspot-2 ' data-avia-tooltip-position='' data-avia-tooltip-alignment='centered' data-avia-tooltip-class='   av-mobile-fallback-active   av-tt-hotspot' data-avia-tooltip=''><div class='av-image-hotspot_inner'>2<\/div><div class='av-image-hotspot-pulse'><\/div><\/div><div class='av-image-hotspot av-vre3ab-7e5dc38b5b5392a6ebdcb51cffdcbf1b av-image-hotspot-3 ' data-avia-tooltip-position='' data-avia-tooltip-alignment='centered' data-avia-tooltip-class='   av-mobile-fallback-active   av-tt-hotspot' data-avia-tooltip=''><div class='av-image-hotspot_inner'>3<\/div><div class='av-image-hotspot-pulse'><\/div><\/div><img fetchpriority=\"high\" class='wp-image-10812 avia-img-lazy-loading-not-10812 avia_image' src='https:\/\/schloss-wissen.de\/wp-content\/uploads\/luftbild-schloss-wissen-845x684.jpg' alt='Tagungsr\u00e4ume mieten auf Schloss Wissen' title='Tagungsr\u00e4ume Schloss Wissen'  height=\"684\" width=\"845\"  itemprop=\"thumbnailUrl\"  \/><\/div><\/div><\/div><\/div><br \/>\n\n<style type=\"text\/css\" data-created_by=\"avia_inline_auto\" id=\"style-css-av-v1jg77-d3db6bbe2060452e81acc21f63e52805\">\n#top .hr.av-v1jg77-d3db6bbe2060452e81acc21f63e52805{\nmargin-top:30px;\nmargin-bottom:30px;\n}\n.hr.av-v1jg77-d3db6bbe2060452e81acc21f63e52805 .hr-inner{\nwidth:45%;\nmax-width:45%;\n}\n<\/style>\n<div  class='hr av-v1jg77-d3db6bbe2060452e81acc21f63e52805 hr-custom  avia-builder-el-13  el_after_av_image_hotspot  el_before_av_heading  avia-builder-el-first  hr-center hr-icon-yes'><span class='hr-inner inner-border-av-border-thin'><span class=\"hr-inner-style\"><\/span><\/span><span class='av-seperator-icon avia-iconfont avia-font-entypo-fontello' data-av_icon='\ue8bf' data-av_iconfont='entypo-fontello' ><\/span><span class='hr-inner inner-border-av-border-thin'><span class=\"hr-inner-style\"><\/span><\/span><\/div><br \/>\n\n<style type=\"text\/css\" data-created_by=\"avia_inline_auto\" id=\"style-css-av-bdl2s-2040da56f53c7b4f3f40c581897dcb13\">\n#top .av-special-heading.av-bdl2s-2040da56f53c7b4f3f40c581897dcb13{\npadding-bottom:10px;\n}\nbody .av-special-heading.av-bdl2s-2040da56f53c7b4f3f40c581897dcb13 .av-special-heading-tag .heading-char{\nfont-size:25px;\n}\n.av-special-heading.av-bdl2s-2040da56f53c7b4f3f40c581897dcb13 .av-subheading{\nfont-size:15px;\n}\n<\/style>\n<div  class='av-special-heading av-bdl2s-2040da56f53c7b4f3f40c581897dcb13 av-special-heading-h3 blockquote modern-quote  avia-builder-el-14  el_after_av_hr  el_before_av_textblock '><h3 class='av-special-heading-tag '  itemprop=\"headline\"  >Vergaderlocatie<\/h3><div class=\"special-heading-border\"><div class=\"special-heading-inner-border\"><\/div><\/div><\/div><br \/>\n<section  class='av_textblock_section av-r2mcfn-f7676034583c8da5e78063b2f652c6b2 '   itemscope=\"itemscope\" itemtype=\"https:\/\/schema.org\/CreativeWork\" ><div class='avia_textblock'  itemprop=\"text\" ><section class=\"av_textblock_section\">\n<div class=\"avia_textblock \">\n<p>Op Schloss Wissen is het mogelijk om te kiezen uit 4 vergaderruimtes. De Grote Eetkamer (1) en de Witte Salon (2) zijn in het hoofdhuis van het kasteel te vinden. De M\u00fchlraum en het Nierskabinet (3) zijn delen van de Historische Watermolen en kunnen zowel als individuele ruimte als \u00e9\u00e9n grote zaal gebruikt worden.<\/p>\n<ul>\n<li><a href=\"https:\/\/schloss-wissen.de\/nl\/vergaderen\/grote-eetkamer\/\">Grote Eetkamer<\/a>: dit is de grootste vergaderruimte op Schloss Wissen. Deze wordt voornamelijk gebruikt voor vergaderingen of evenementen. Deze ruimte imponeert door de imperiale uitstraling met een heldere parketvloer, hoge ramen en de houten lambrisering. De Grote Eetkamer is 94m\u00b2 groot.<\/li>\n<li><a href=\"https:\/\/schloss-wissen.de\/nl\/vergaderen\/witte-salon\/\">Witte Salon<\/a>: deze vergaderruimte heeft een capaciteit tot ongeveer 20 personen. De zaal beschikt over moderne faciliteiten en de stoelopstelling is volledig naar eigen wensen in te delen. In de Witte Salon worden ook regelmatig feesten en bruiloften georganiseerd vanwege een heerlijk romantische uitstraling.<\/li>\n<li><a href=\"https:\/\/schloss-wissen.de\/nl\/vergaderen\/historische-watermolen\/\">Historische Watermolen<\/a>: in deze vergaderruimte kunt u vergaderen in stijl. Vanwege de glazen constructie beidt het een schitterend uitzicht op de natuurlijke omgeving die Schloss Wissen rijk is. De Historische Watermolen beschikt over 2 vergaderzalen: het Nierskabinet van 42m\u00b2 en de M\u00fchlraum van 64m\u00b2. Beide zalen kunnen door middel van een schuifdeur gemakkelijk verbonden worden tot een grote ruimte.<\/li>\n<\/ul>\n<\/div>\n<\/section>\n<\/div><\/section><\/p><\/div><\/div><!--close column table wrapper. Autoclose: 1 -->\n<style type=\"text\/css\" data-created_by=\"avia_inline_auto\" id=\"style-css-av-pba1dv-e10cd36c52a3ae5ed463b0c7a0a88f96\">\n#top .hr.av-pba1dv-e10cd36c52a3ae5ed463b0c7a0a88f96{\nmargin-top:30px;\nmargin-bottom:30px;\n}\n.hr.av-pba1dv-e10cd36c52a3ae5ed463b0c7a0a88f96 .hr-inner{\nwidth:45%;\nmax-width:45%;\n}\n<\/style>\n<div  class='hr av-pba1dv-e10cd36c52a3ae5ed463b0c7a0a88f96 hr-custom  avia-builder-el-16  el_after_av_one_half  avia-builder-el-last  hr-center hr-icon-yes'><span class='hr-inner inner-border-av-border-thin'><span class=\"hr-inner-style\"><\/span><\/span><span class='av-seperator-icon avia-iconfont avia-font-entypo-fontello' data-av_icon='\ue8bf' data-av_iconfont='entypo-fontello' ><\/span><span class='hr-inner inner-border-av-border-thin'><span class=\"hr-inner-style\"><\/span><\/span><\/div>\n<\/div><\/div><\/div><!-- close content main div --><\/div><\/div><div id='after_section_3'  class='main_color av_default_container_wrap container_wrap sidebar_right'  ><div class='container av-section-cont-open' ><div class='template-page content  av-content-small alpha units'><div class='post-entry post-entry-type-page post-entry-9620'><div class='entry-content-wrapper clearfix'><\/p>\n","protected":false},"excerpt":{"rendered":"","protected":false},"author":278908,"featured_media":0,"parent":0,"menu_order":40,"comment_status":"closed","ping_status":"closed","template":"","meta":{"footnotes":""},"class_list":["post-9620","page","type-page","status-publish","hentry"],"_links":{"self":[{"href":"https:\/\/schloss-wissen.de\/nl\/wp-json\/wp\/v2\/pages\/9620","targetHints":{"allow":["GET"]}}],"collection":[{"href":"https:\/\/schloss-wissen.de\/nl\/wp-json\/wp\/v2\/pages"}],"about":[{"href":"https:\/\/schloss-wissen.de\/nl\/wp-json\/wp\/v2\/types\/page"}],"author":[{"embeddable":true,"href":"https:\/\/schloss-wissen.de\/nl\/wp-json\/wp\/v2\/users\/278908"}],"replies":[{"embeddable":true,"href":"https:\/\/schloss-wissen.de\/nl\/wp-json\/wp\/v2\/comments?post=9620"}],"version-history":[{"count":13,"href":"https:\/\/schloss-wissen.de\/nl\/wp-json\/wp\/v2\/pages\/9620\/revisions"}],"predecessor-version":[{"id":13102,"href":"https:\/\/schloss-wissen.de\/nl\/wp-json\/wp\/v2\/pages\/9620\/revisions\/13102"}],"wp:attachment":[{"href":"https:\/\/schloss-wissen.de\/nl\/wp-json\/wp\/v2\/media?parent=9620"}],"curies":[{"name":"wp","href":"https:\/\/api.w.org\/{rel}","templated":true}]}}