{"id":6362,"date":"2018-05-03T13:43:12","date_gmt":"2018-05-03T11:43:12","guid":{"rendered":"https:\/\/schloss-wissen.de\/?page_id=6362\/"},"modified":"2018-05-03T13:43:12","modified_gmt":"2018-05-03T11:43:12","slug":"evenementen","status":"publish","type":"page","link":"https:\/\/schloss-wissen.de\/nl\/evenementen\/","title":{"rendered":"Evenementen"},"content":{"rendered":"\n<style type=\"text\/css\" data-created_by=\"avia_inline_auto\" id=\"style-css-av-av_section-50b02e123c48d2e66bc57e504e67fc14\">\n.avia-section.av-av_section-50b02e123c48d2e66bc57e504e67fc14{\nbackground-repeat:no-repeat;\nbackground-image:url(https:\/\/schloss-wissen.de\/wp-content\/uploads\/hotel-schloss-wissen-hochzeit-03.jpg);\nbackground-position:50% 0%;\nbackground-attachment:fixed;\n}\n.avia-section.av-av_section-50b02e123c48d2e66bc57e504e67fc14 .av-section-color-overlay{\nopacity:0.2;\nbackground-color:#000000;\n}\n<\/style>\n<div id='av_section_1'  class='avia-section av-av_section-50b02e123c48d2e66bc57e504e67fc14 main_color avia-section-large avia-no-shadow  avia-builder-el-0  el_before_av_section  avia-builder-el-first  avia-full-stretch avia-bg-style-fixed av-section-color-overlay-active container_wrap sidebar_right'  data-section-bg-repeat='stretch'><div class=\"av-section-color-overlay-wrap\"><div class=\"av-section-color-overlay\"><\/div><div class='container av-section-cont-open' ><main  role=\"main\" itemprop=\"mainContentOfPage\"  class='template-page content  av-content-small alpha units'><div class='post-entry post-entry-type-page post-entry-6362'><div class='entry-content-wrapper clearfix'>\n\n<style type=\"text\/css\" data-created_by=\"avia_inline_auto\" id=\"style-css-av-av_heading-27170c28766055ff295b63722f3d95ee\">\n#top .av-special-heading.av-av_heading-27170c28766055ff295b63722f3d95ee{\npadding-bottom:0;\ncolor:#ffffff;\nfont-size:50px;\n}\nbody .av-special-heading.av-av_heading-27170c28766055ff295b63722f3d95ee .av-special-heading-tag .heading-char{\nfont-size:25px;\n}\n#top #wrap_all .av-special-heading.av-av_heading-27170c28766055ff295b63722f3d95ee .av-special-heading-tag{\nfont-size:50px;\n}\n.av-special-heading.av-av_heading-27170c28766055ff295b63722f3d95ee .special-heading-inner-border{\nborder-color:#ffffff;\n}\n.av-special-heading.av-av_heading-27170c28766055ff295b63722f3d95ee .av-subheading{\nfont-size:15px;\n}\n\n@media only screen and (min-width: 480px) and (max-width: 767px){ \n#top #wrap_all .av-special-heading.av-av_heading-27170c28766055ff295b63722f3d95ee .av-special-heading-tag{\nfont-size:0.8em;\n}\n}\n\n@media only screen and (max-width: 479px){ \n#top #wrap_all .av-special-heading.av-av_heading-27170c28766055ff295b63722f3d95ee .av-special-heading-tag{\nfont-size:0.8em;\n}\n}\n<\/style>\n<div  class='av-special-heading av-av_heading-27170c28766055ff295b63722f3d95ee av-special-heading-h3 custom-color-heading blockquote modern-quote modern-centered  avia-builder-el-1  el_before_av_hr  avia-builder-el-first  av-inherit-size'><h3 class='av-special-heading-tag '  itemprop=\"headline\"  >Feestelijke gelegenheden <span class='special_amp'>&amp;<\/span> recepties<\/h3><div class='av_custom_color av-subheading av-subheading_below'><p>Voor feestelijke gelegenheden en recepties vindt u in Wissen de passende ambiance<\/p>\n<\/div><div class=\"special-heading-border\"><div class=\"special-heading-inner-border\"><\/div><\/div><\/div>\n\n<style type=\"text\/css\" data-created_by=\"avia_inline_auto\" id=\"style-css-av-av_hr-d26bc57f0c6fc73d60edf7912d09881c\">\n#top .hr.av-av_hr-d26bc57f0c6fc73d60edf7912d09881c{\nmargin-top:30px;\nmargin-bottom:30px;\n}\n.hr.av-av_hr-d26bc57f0c6fc73d60edf7912d09881c .hr-inner{\nwidth:20%;\nborder-color:rgba(255,255,255,0.76);\nmax-width:45%;\n}\n.hr.av-av_hr-d26bc57f0c6fc73d60edf7912d09881c .av-seperator-icon{\ncolor:#ffffff;\n}\n.hr.av-av_hr-d26bc57f0c6fc73d60edf7912d09881c .av-seperator-icon.avia-svg-icon svg:first-child{\nfill:#ffffff;\nstroke:#ffffff;\n}\n<\/style>\n<div  class='hr av-av_hr-d26bc57f0c6fc73d60edf7912d09881c hr-custom  avia-builder-el-2  el_after_av_heading  avia-builder-el-last  hr-center hr-icon-yes'><span class='hr-inner inner-border-av-border-thin'><span class=\"hr-inner-style\"><\/span><\/span><span class='av-seperator-icon avia-iconfont avia-font-entypo-fontello' data-av_icon='\ue8bf' data-av_iconfont='entypo-fontello' ><\/span><span class='hr-inner inner-border-av-border-thin'><span class=\"hr-inner-style\"><\/span><\/span><\/div>\n\n<\/div><\/div><\/main><!-- close content main element --><\/div><\/div><\/div><div id='av_section_2'  class='avia-section av-av_section-b001219e74ae2461ab104eabac48a238 main_color avia-section-small avia-no-border-styling  avia-builder-el-3  el_after_av_section  avia-builder-el-last  avia-bg-style-fixed container_wrap sidebar_right'  ><div class='container av-section-cont-open' ><div class='template-page content  av-content-small alpha units'><div class='post-entry post-entry-type-page post-entry-6362'><div class='entry-content-wrapper clearfix'>\n<div class='flex_column_table av-av_one_full-f3a58a79c06258d930ee2d6c6c89c839 sc-av_one_full av-equal-height-column-flextable'>\n<style type=\"text\/css\" data-created_by=\"avia_inline_auto\" id=\"style-css-av-av_one_full-f3a58a79c06258d930ee2d6c6c89c839\">\n#top .flex_column_table.av-equal-height-column-flextable.av-av_one_full-f3a58a79c06258d930ee2d6c6c89c839{\nmargin-top:-60px;\nmargin-bottom:0px;\n}\n.flex_column.av-av_one_full-f3a58a79c06258d930ee2d6c6c89c839{\nborder-radius:0px 0px 0px 0px;\npadding:30px 30px 30px 30px;\nbackground-color:#ffffff;\n}\n<\/style>\n<div  class='flex_column av-av_one_full-f3a58a79c06258d930ee2d6c6c89c839 av_one_full  avia-builder-el-4  el_before_av_one_third  avia-builder-el-first  first no_margin flex_column_table_cell av-equal-height-column av-align-top  '     ><p>\n<style type=\"text\/css\" data-created_by=\"avia_inline_auto\" id=\"style-css-av-av_heading-34476cb50bfa7fc2d09b014d417b2890\">\n#top .av-special-heading.av-av_heading-34476cb50bfa7fc2d09b014d417b2890{\npadding-bottom:0;\n}\nbody .av-special-heading.av-av_heading-34476cb50bfa7fc2d09b014d417b2890 .av-special-heading-tag .heading-char{\nfont-size:25px;\n}\n.av-special-heading.av-av_heading-34476cb50bfa7fc2d09b014d417b2890 .av-subheading{\nfont-size:15px;\n}\n<\/style>\n<div  class='av-special-heading av-av_heading-34476cb50bfa7fc2d09b014d417b2890 av-special-heading-h3 blockquote modern-quote  avia-builder-el-5  el_before_av_textblock  avia-builder-el-first '><h3 class='av-special-heading-tag '  itemprop=\"headline\"  >Klein of nog kleiner of met meer dan 100 personen<\/h3><div class=\"special-heading-border\"><div class=\"special-heading-inner-border\"><\/div><\/div><\/div><br \/>\n<section  class='av_textblock_section av-av_textblock-2de302bf1aa3cf4c9157dbe6f50ac7eb '   itemscope=\"itemscope\" itemtype=\"https:\/\/schema.org\/CreativeWork\" ><div class='avia_textblock'  itemprop=\"text\" ><p>Samen met u ontwikkelen wij graag uw eigen persoonlijke ontwerp. <span id=\"result_box\" class=\"\" lang=\"nl\"><span class=\"\">Vieringen en recepties zijn op Schloss Wissen al meer dan 550 jaar traditie!<\/span><\/span><\/p>\n<\/div><\/section><br \/>\n\n<style type=\"text\/css\" data-created_by=\"avia_inline_auto\" id=\"style-css-av-av_image-f1f40b1b3b26b4db5eaa091f0009b9c4\">\n.avia-image-container.av-av_image-f1f40b1b3b26b4db5eaa091f0009b9c4 img.avia_image{\nbox-shadow:none;\n}\n.avia-image-container.av-av_image-f1f40b1b3b26b4db5eaa091f0009b9c4 .av-image-caption-overlay-center{\ncolor:#ffffff;\n}\n<\/style>\n<div  class='avia-image-container av-av_image-f1f40b1b3b26b4db5eaa091f0009b9c4 av-styling- avia-align-center  avia-builder-el-7  el_after_av_textblock  el_before_av_hr '   itemprop=\"image\" itemscope=\"itemscope\" itemtype=\"https:\/\/schema.org\/ImageObject\" ><div class=\"avia-image-container-inner\"><div class=\"avia-image-overlay-wrap\"><img fetchpriority=\"high\" class='wp-image-1299 avia-img-lazy-loading-not-1299 avia_image ' src='https:\/\/schloss-wissen.de\/wp-content\/uploads\/hotel-schloss-wissen-panorama.jpg' alt='' title='Hotel-Schloss-Wissen-Panorama'  height=\"868\" width=\"2000\"  itemprop=\"thumbnailUrl\"  \/><\/div><\/div><\/div><br \/>\n\n<style type=\"text\/css\" data-created_by=\"avia_inline_auto\" id=\"style-css-av-av_hr-41ba6e246a6b120fa099380338ad1860\">\n#top .hr.hr-invisible.av-av_hr-41ba6e246a6b120fa099380338ad1860{\nmargin-top:-30px;\nheight:1px;\n}\n<\/style>\n<div  class='hr av-av_hr-41ba6e246a6b120fa099380338ad1860 hr-invisible  avia-builder-el-8  el_after_av_image  el_before_av_heading '><span class='hr-inner '><span class=\"hr-inner-style\"><\/span><\/span><\/div><br \/>\n\n<style type=\"text\/css\" data-created_by=\"avia_inline_auto\" id=\"style-css-av-av_heading-34476cb50bfa7fc2d09b014d417b2890\">\n#top .av-special-heading.av-av_heading-34476cb50bfa7fc2d09b014d417b2890{\npadding-bottom:0;\n}\nbody .av-special-heading.av-av_heading-34476cb50bfa7fc2d09b014d417b2890 .av-special-heading-tag .heading-char{\nfont-size:25px;\n}\n.av-special-heading.av-av_heading-34476cb50bfa7fc2d09b014d417b2890 .av-subheading{\nfont-size:15px;\n}\n<\/style>\n<div  class='av-special-heading av-av_heading-34476cb50bfa7fc2d09b014d417b2890 av-special-heading-h3 blockquote modern-quote  avia-builder-el-9  el_after_av_hr  el_before_av_textblock '><h3 class='av-special-heading-tag '  itemprop=\"headline\"  >Klein of nog kleiner of met meer dan 100 personen<\/h3><div class=\"special-heading-border\"><div class=\"special-heading-inner-border\"><\/div><\/div><\/div><br \/>\n<section  class='av_textblock_section av-av_textblock-2de302bf1aa3cf4c9157dbe6f50ac7eb '   itemscope=\"itemscope\" itemtype=\"https:\/\/schema.org\/CreativeWork\" ><div class='avia_textblock'  itemprop=\"text\" ><p><span id=\"result_box\" class=\"\" lang=\"nl\"><span class=\"\">Samen met u ontwikkelen wij graag uw eigen persoonlijke ontwerp. Vieringen en recepties zijn op Schloss Wissen al meer dan 550 jaar traditie!<\/span><\/span><\/p>\n<\/div><\/section><\/p><\/div><\/div><!--close column table wrapper. Autoclose: 1 --><div class='flex_column_table av-av_one_third-c4b3d5a4792b354423498ee2ed55a00c sc-av_one_third av-equal-height-column-flextable'>\n<style type=\"text\/css\" data-created_by=\"avia_inline_auto\" id=\"style-css-av-av_one_third-c4b3d5a4792b354423498ee2ed55a00c\">\n#top .flex_column_table.av-equal-height-column-flextable.av-av_one_third-c4b3d5a4792b354423498ee2ed55a00c{\nmargin-top:0px;\nmargin-bottom:0px;\n}\n.flex_column.av-av_one_third-c4b3d5a4792b354423498ee2ed55a00c{\nborder-radius:0px 0px 0px 0px;\npadding:30px 30px 30px 30px;\nbackground-color:#ffffff;\n}\n<\/style>\n<div  class='flex_column av-av_one_third-c4b3d5a4792b354423498ee2ed55a00c av_one_third  avia-builder-el-11  el_after_av_one_full  el_before_av_one_third  first no_margin flex_column_table_cell av-equal-height-column av-align-top  column-top-margin'     ><p>\n<style type=\"text\/css\" data-created_by=\"avia_inline_auto\" id=\"style-css-av-av_image-6c12d28f834533d445457c71c8a1b760\">\n.avia-image-container.av-av_image-6c12d28f834533d445457c71c8a1b760 img.avia_image{\nbox-shadow:none;\n}\n.avia-image-container.av-av_image-6c12d28f834533d445457c71c8a1b760 .av-image-caption-overlay-center{\ncolor:#ffffff;\n}\n<\/style>\n<div  class='avia-image-container av-av_image-6c12d28f834533d445457c71c8a1b760 av-styling- avia-align-center  avia-builder-el-12  el_before_av_hr  avia-builder-el-first '   itemprop=\"image\" itemscope=\"itemscope\" itemtype=\"https:\/\/schema.org\/ImageObject\" ><div class=\"avia-image-container-inner\"><div class=\"avia-image-overlay-wrap\"><img fetchpriority=\"high\" class='wp-image-1353 avia-img-lazy-loading-not-1353 avia_image ' src='https:\/\/schloss-wissen.de\/wp-content\/uploads\/hotel-schloss-wissen-hochzeit-04.jpg' alt='' title='Hotel-Schloss-Wissen-Hochzeit-04'  height=\"1223\" width=\"1800\"  itemprop=\"thumbnailUrl\"  \/><\/div><\/div><\/div><br \/>\n\n<style type=\"text\/css\" data-created_by=\"avia_inline_auto\" id=\"style-css-av-av_hr-41ba6e246a6b120fa099380338ad1860\">\n#top .hr.hr-invisible.av-av_hr-41ba6e246a6b120fa099380338ad1860{\nmargin-top:-30px;\nheight:1px;\n}\n<\/style>\n<div  class='hr av-av_hr-41ba6e246a6b120fa099380338ad1860 hr-invisible  avia-builder-el-13  el_after_av_image  el_before_av_heading '><span class='hr-inner '><span class=\"hr-inner-style\"><\/span><\/span><\/div><br \/>\n\n<style type=\"text\/css\" data-created_by=\"avia_inline_auto\" id=\"style-css-av-av_heading-6e670e112379a4e0ceafead6d4eb4aa6\">\n#top .av-special-heading.av-av_heading-6e670e112379a4e0ceafead6d4eb4aa6{\npadding-bottom:0;\n}\nbody .av-special-heading.av-av_heading-6e670e112379a4e0ceafead6d4eb4aa6 .av-special-heading-tag .heading-char{\nfont-size:25px;\n}\n.av-special-heading.av-av_heading-6e670e112379a4e0ceafead6d4eb4aa6 .av-subheading{\nfont-size:15px;\n}\n<\/style>\n<div  class='av-special-heading av-av_heading-6e670e112379a4e0ceafead6d4eb4aa6 av-special-heading-h3 blockquote modern-quote  avia-builder-el-14  el_after_av_hr  el_before_av_textblock '><h3 class='av-special-heading-tag '  itemprop=\"headline\"  >Hochzeiten<\/h3><div class=\"special-heading-border\"><div class=\"special-heading-inner-border\"><\/div><\/div><\/div><br \/>\n<section  class='av_textblock_section av-av_textblock-0366cc7376be6c9e82a3e9cc8987b64f '   itemscope=\"itemscope\" itemtype=\"https:\/\/schema.org\/CreativeWork\" ><div class='avia_textblock'  itemprop=\"text\" ><p>Planen Sie eine M\u00e4rchenhochzeit oder bevorzugen Sie ein z\u00fcnftiges Fest?<\/p>\n<p>Hier k\u00f6nnen Ihre pers\u00f6nlichen Tr\u00e4ume wahr werden: ob der frisch verm\u00e4hlte Ehemann seine Braut mit dem Boot um das Schloss schippert oder sie mit dem Aufzug auf den Uhrenturm hievt- Ihrer Kreativit\u00e4t sind kaum Grenzen gesetzt.<\/p>\n<p>Selbst die standesamtliche Trauung kann\u00a0vor Ort stattfinden: In der historischen\u00a0Wasserm\u00fchle ist das sogenannte\u00a0\u201eNierskabinett&#8221; &#8211; ganz offiziell &#8211; als Standesamt eingerichtet.<\/p>\n<\/div><\/section><\/p><\/div>\n<style type=\"text\/css\" data-created_by=\"avia_inline_auto\" id=\"style-css-av-av_one_third-a456fd61927d1e2e9f32f09496263404\">\n#top .flex_column_table.av-equal-height-column-flextable.av-av_one_third-a456fd61927d1e2e9f32f09496263404{\nmargin-top:0px;\nmargin-bottom:0px;\n}\n.flex_column.av-av_one_third-a456fd61927d1e2e9f32f09496263404{\nborder-radius:0px 0px 0px 0px;\npadding:30px 30px 30px 30px;\nbackground-color:#ffffff;\n}\n<\/style>\n<div  class='flex_column av-av_one_third-a456fd61927d1e2e9f32f09496263404 av_one_third  avia-builder-el-16  el_after_av_one_third  el_before_av_one_third  no_margin flex_column_table_cell av-equal-height-column av-align-top  column-top-margin'     ><p>\n<style type=\"text\/css\" data-created_by=\"avia_inline_auto\" id=\"style-css-av-av_image-4ab6396666736ba5b247d9364c3587ff\">\n.avia-image-container.av-av_image-4ab6396666736ba5b247d9364c3587ff img.avia_image{\nbox-shadow:none;\n}\n.avia-image-container.av-av_image-4ab6396666736ba5b247d9364c3587ff .av-image-caption-overlay-center{\ncolor:#ffffff;\n}\n<\/style>\n<div  class='avia-image-container av-av_image-4ab6396666736ba5b247d9364c3587ff av-styling- avia-align-center  avia-builder-el-17  el_before_av_hr  avia-builder-el-first '   itemprop=\"image\" itemscope=\"itemscope\" itemtype=\"https:\/\/schema.org\/ImageObject\" ><div class=\"avia-image-container-inner\"><div class=\"avia-image-overlay-wrap\"><img fetchpriority=\"high\" class='wp-image-849 avia-img-lazy-loading-not-849 avia_image ' src='https:\/\/schloss-wissen.de\/wp-content\/uploads\/parkfest_kahnfahren.jpg' alt='parkfest_kahnfahren' title='parkfest_kahnfahren'  height=\"241\" width=\"360\"  itemprop=\"thumbnailUrl\"  \/><\/div><\/div><\/div><br \/>\n\n<style type=\"text\/css\" data-created_by=\"avia_inline_auto\" id=\"style-css-av-av_hr-41ba6e246a6b120fa099380338ad1860\">\n#top .hr.hr-invisible.av-av_hr-41ba6e246a6b120fa099380338ad1860{\nmargin-top:-30px;\nheight:1px;\n}\n<\/style>\n<div  class='hr av-av_hr-41ba6e246a6b120fa099380338ad1860 hr-invisible  avia-builder-el-18  el_after_av_image  el_before_av_heading '><span class='hr-inner '><span class=\"hr-inner-style\"><\/span><\/span><\/div><br \/>\n\n<style type=\"text\/css\" data-created_by=\"avia_inline_auto\" id=\"style-css-av-av_heading-beb2b5ffc5cce2a9e2cbad5bf16f3f38\">\n#top .av-special-heading.av-av_heading-beb2b5ffc5cce2a9e2cbad5bf16f3f38{\npadding-bottom:0;\n}\nbody .av-special-heading.av-av_heading-beb2b5ffc5cce2a9e2cbad5bf16f3f38 .av-special-heading-tag .heading-char{\nfont-size:25px;\n}\n.av-special-heading.av-av_heading-beb2b5ffc5cce2a9e2cbad5bf16f3f38 .av-subheading{\nfont-size:15px;\n}\n<\/style>\n<div  class='av-special-heading av-av_heading-beb2b5ffc5cce2a9e2cbad5bf16f3f38 av-special-heading-h3 blockquote modern-quote  avia-builder-el-19  el_after_av_hr  el_before_av_textblock '><h3 class='av-special-heading-tag '  itemprop=\"headline\"  >Evenementen<\/h3><div class=\"special-heading-border\"><div class=\"special-heading-inner-border\"><\/div><\/div><\/div><br \/>\n<section  class='av_textblock_section av-av_textblock-2de302bf1aa3cf4c9157dbe6f50ac7eb '   itemscope=\"itemscope\" itemtype=\"https:\/\/schema.org\/CreativeWork\" ><div class='avia_textblock'  itemprop=\"text\" ><p><span id=\"result_box\" class=\"\" lang=\"nl\"><span class=\"\">Zelfs buitenevenementen kunnen &#8211; stijlvol ingekaderd door de flair van de historische ambiance &#8211; worden uitgevoerd volgens uw idee\u00ebn.<\/span><\/span><\/p>\n<p><span id=\"result_box\" class=\"\" lang=\"nl\"><span class=\"\">En voor het raamprogramma bieden ons kasteelcomplex en de omgeving talloze mogelijkheden voor een &#8216;iets ander bedrijfsevenement&#8217;:<\/span><\/span><\/p>\n<ul>\n<li><span id=\"result_box\" class=\"\" lang=\"nl\"><span class=\"\">Pedde<\/span><\/span>len op de Niers<\/li>\n<li>&#8220;Grenzland Draisine&#8221; van Kleve naar Kranenburg<\/li>\n<li>Boogschieten<\/li>\n<li>Bijl werpen<\/li>\n<li>Rustiek eten in de kerker<\/li>\n<li>En veel meer&#8230;<\/li>\n<\/ul>\n<\/div><\/section><\/p><\/div>\n<style type=\"text\/css\" data-created_by=\"avia_inline_auto\" id=\"style-css-av-av_one_third-a456fd61927d1e2e9f32f09496263404\">\n#top .flex_column_table.av-equal-height-column-flextable.av-av_one_third-a456fd61927d1e2e9f32f09496263404{\nmargin-top:0px;\nmargin-bottom:0px;\n}\n.flex_column.av-av_one_third-a456fd61927d1e2e9f32f09496263404{\nborder-radius:0px 0px 0px 0px;\npadding:30px 30px 30px 30px;\nbackground-color:#ffffff;\n}\n<\/style>\n<div  class='flex_column av-av_one_third-a456fd61927d1e2e9f32f09496263404 av_one_third  avia-builder-el-21  el_after_av_one_third  avia-builder-el-last  no_margin flex_column_table_cell av-equal-height-column av-align-top  column-top-margin'     ><p>\n<style type=\"text\/css\" data-created_by=\"avia_inline_auto\" id=\"style-css-av-av_image-35dfee2a76cc698fbc516602798536c2\">\n.avia-image-container.av-av_image-35dfee2a76cc698fbc516602798536c2 img.avia_image{\nbox-shadow:none;\n}\n.avia-image-container.av-av_image-35dfee2a76cc698fbc516602798536c2 .av-image-caption-overlay-center{\ncolor:#ffffff;\n}\n<\/style>\n<div  class='avia-image-container av-av_image-35dfee2a76cc698fbc516602798536c2 av-styling- avia-align-center  avia-builder-el-22  el_before_av_hr  avia-builder-el-first '   itemprop=\"image\" itemscope=\"itemscope\" itemtype=\"https:\/\/schema.org\/ImageObject\" ><div class=\"avia-image-container-inner\"><div class=\"avia-image-overlay-wrap\"><img fetchpriority=\"high\" class='wp-image-1358 avia-img-lazy-loading-not-1358 avia_image ' src='https:\/\/schloss-wissen.de\/wp-content\/uploads\/hotel-schloss-wissen-impression_06.jpg' alt='' title='Hotel-Schloss-Wissen-Impression_06'  height=\"740\" width=\"1110\"  itemprop=\"thumbnailUrl\"  \/><\/div><\/div><\/div><br \/>\n\n<style type=\"text\/css\" data-created_by=\"avia_inline_auto\" id=\"style-css-av-av_hr-41ba6e246a6b120fa099380338ad1860\">\n#top .hr.hr-invisible.av-av_hr-41ba6e246a6b120fa099380338ad1860{\nmargin-top:-30px;\nheight:1px;\n}\n<\/style>\n<div  class='hr av-av_hr-41ba6e246a6b120fa099380338ad1860 hr-invisible  avia-builder-el-23  el_after_av_image  el_before_av_heading '><span class='hr-inner '><span class=\"hr-inner-style\"><\/span><\/span><\/div><br \/>\n\n<style type=\"text\/css\" data-created_by=\"avia_inline_auto\" id=\"style-css-av-av_heading-bbe0d8a6dd28b93e265e4a99d6d78bb5\">\n#top .av-special-heading.av-av_heading-bbe0d8a6dd28b93e265e4a99d6d78bb5{\npadding-bottom:0;\n}\nbody .av-special-heading.av-av_heading-bbe0d8a6dd28b93e265e4a99d6d78bb5 .av-special-heading-tag .heading-char{\nfont-size:25px;\n}\n.av-special-heading.av-av_heading-bbe0d8a6dd28b93e265e4a99d6d78bb5 .av-subheading{\nfont-size:15px;\n}\n<\/style>\n<div  class='av-special-heading av-av_heading-bbe0d8a6dd28b93e265e4a99d6d78bb5 av-special-heading-h3 blockquote modern-quote  avia-builder-el-24  el_after_av_hr  el_before_av_textblock '><h3 class='av-special-heading-tag '  itemprop=\"headline\"  >Bedrijfsfeesten<\/h3><div class=\"special-heading-border\"><div class=\"special-heading-inner-border\"><\/div><\/div><\/div><br \/>\n<section  class='av_textblock_section av-av_textblock-2de302bf1aa3cf4c9157dbe6f50ac7eb '   itemscope=\"itemscope\" itemtype=\"https:\/\/schema.org\/CreativeWork\" ><div class='avia_textblock'  itemprop=\"text\" ><p><span id=\"result_box\" class=\"\" lang=\"nl\"><span class=\"\">Voor uw vergadering of evenement kunt u terugvallen op heel verschillende, maar unieke ruimten en buitenfaciliteiten.<\/span><\/span><\/p>\n<p>U kunt kiezen tussen 3 verschillende historische zalen, de ruimten in de historische watermolen <span id=\"result_box\" class=\"short_text\" lang=\"nl\"><span class=\"\">en gedeeltelijk het bijbehorende plantsoen.<\/span><\/span><\/p>\n<\/div><\/section><\/p><\/div><\/div><!--close column table wrapper. Autoclose: 1 --><\/div><\/div><\/div><!-- close content main div --><\/div><\/div><div id='after_section_2'  class='main_color av_default_container_wrap container_wrap sidebar_right'  ><div class='container av-section-cont-open' ><div class='template-page content  av-content-small alpha units'><div class='post-entry post-entry-type-page post-entry-6362'><div class='entry-content-wrapper clearfix'>\n","protected":false},"excerpt":{"rendered":"","protected":false},"author":278902,"featured_media":0,"parent":0,"menu_order":30,"comment_status":"closed","ping_status":"closed","template":"","meta":{"footnotes":""},"class_list":["post-6362","page","type-page","status-publish","hentry"],"_links":{"self":[{"href":"https:\/\/schloss-wissen.de\/nl\/wp-json\/wp\/v2\/pages\/6362","targetHints":{"allow":["GET"]}}],"collection":[{"href":"https:\/\/schloss-wissen.de\/nl\/wp-json\/wp\/v2\/pages"}],"about":[{"href":"https:\/\/schloss-wissen.de\/nl\/wp-json\/wp\/v2\/types\/page"}],"author":[{"embeddable":true,"href":"https:\/\/schloss-wissen.de\/nl\/wp-json\/wp\/v2\/users\/278902"}],"replies":[{"embeddable":true,"href":"https:\/\/schloss-wissen.de\/nl\/wp-json\/wp\/v2\/comments?post=6362"}],"version-history":[{"count":6,"href":"https:\/\/schloss-wissen.de\/nl\/wp-json\/wp\/v2\/pages\/6362\/revisions"}],"predecessor-version":[{"id":7636,"href":"https:\/\/schloss-wissen.de\/nl\/wp-json\/wp\/v2\/pages\/6362\/revisions\/7636"}],"wp:attachment":[{"href":"https:\/\/schloss-wissen.de\/nl\/wp-json\/wp\/v2\/media?parent=6362"}],"curies":[{"name":"wp","href":"https:\/\/api.w.org\/{rel}","templated":true}]}}