{"id":11358,"date":"2020-04-22T16:48:30","date_gmt":"2020-04-22T14:48:30","guid":{"rendered":"https:\/\/schloss-wissen.de\/?page_id=11358"},"modified":"2020-04-22T16:48:30","modified_gmt":"2020-04-22T14:48:30","slug":"conference-enquiry","status":"publish","type":"page","link":"https:\/\/schloss-wissen.de\/en\/conferences-3\/conference-enquiry\/","title":{"rendered":"Conference Enquiry"},"content":{"rendered":"\n<style type=\"text\/css\" data-created_by=\"avia_inline_auto\" id=\"style-css-av-g33bmp-b5d177085e2d25b704d39a65fb448424\">\n.avia-section.av-g33bmp-b5d177085e2d25b704d39a65fb448424{\nbackground-repeat:no-repeat;\nbackground-image:url(https:\/\/schloss-wissen.de\/wp-content\/uploads\/hotel-schloss-wissen-tagung_03.jpg);\nbackground-position:50% 50%;\nbackground-attachment:scroll;\n}\n.avia-section.av-g33bmp-b5d177085e2d25b704d39a65fb448424 .av-section-color-overlay{\nopacity:0.2;\nbackground-color:#000000;\n}\n<\/style>\n<div id='av_section_1'  class='avia-section av-g33bmp-b5d177085e2d25b704d39a65fb448424 main_color avia-section-large avia-no-shadow  avia-builder-el-0  el_before_av_section  avia-builder-el-first  avia-full-stretch avia-bg-style-scroll av-section-color-overlay-active container_wrap sidebar_right'  data-section-bg-repeat='stretch'><div class=\"av-section-color-overlay-wrap\"><div class=\"av-section-color-overlay\"><\/div><div class='container av-section-cont-open' ><main  role=\"main\" itemprop=\"mainContentOfPage\"  class='template-page content  av-content-small alpha units'><div class='post-entry post-entry-type-page post-entry-11358'><div class='entry-content-wrapper clearfix'>\n\n<style type=\"text\/css\" data-created_by=\"avia_inline_auto\" id=\"style-css-av-k8h3vsd0-d1365b2d2c6ef5d8aabd6385cc3d070b\">\n#top .av-special-heading.av-k8h3vsd0-d1365b2d2c6ef5d8aabd6385cc3d070b{\npadding-bottom:0;\ncolor:#ffffff;\nfont-size:50px;\n}\nbody .av-special-heading.av-k8h3vsd0-d1365b2d2c6ef5d8aabd6385cc3d070b .av-special-heading-tag .heading-char{\nfont-size:25px;\n}\n#top #wrap_all .av-special-heading.av-k8h3vsd0-d1365b2d2c6ef5d8aabd6385cc3d070b .av-special-heading-tag{\nfont-size:50px;\n}\n.av-special-heading.av-k8h3vsd0-d1365b2d2c6ef5d8aabd6385cc3d070b .special-heading-inner-border{\nborder-color:#ffffff;\n}\n.av-special-heading.av-k8h3vsd0-d1365b2d2c6ef5d8aabd6385cc3d070b .av-subheading{\nfont-size:15px;\n}\n\n@media only screen and (max-width: 479px){ \n#top #wrap_all .av-special-heading.av-k8h3vsd0-d1365b2d2c6ef5d8aabd6385cc3d070b .av-special-heading-tag{\nfont-size:26px;\n}\n}\n\n@media only screen and (min-width: 480px) and (max-width: 767px){ \n#top #wrap_all .av-special-heading.av-k8h3vsd0-d1365b2d2c6ef5d8aabd6385cc3d070b .av-special-heading-tag{\nfont-size:0.8em;\n}\n}\n<\/style>\n<div  class='av-special-heading av-k8h3vsd0-d1365b2d2c6ef5d8aabd6385cc3d070b av-special-heading-h1 custom-color-heading blockquote modern-quote modern-centered  avia-builder-el-1  el_before_av_hr  avia-builder-el-first  av-inherit-size'><h1 class='av-special-heading-tag '  itemprop=\"headline\"  >Conference Enquiry<\/h1><div class='av_custom_color av-subheading av-subheading_below'><p>Confer at Schloss Wissen<\/p>\n<\/div><div class=\"special-heading-border\"><div class=\"special-heading-inner-border\"><\/div><\/div><\/div>\n\n<style type=\"text\/css\" data-created_by=\"avia_inline_auto\" id=\"style-css-av-cprlz5-1f2b34e27f1487f60e612b5f8f8f0808\">\n#top .hr.av-cprlz5-1f2b34e27f1487f60e612b5f8f8f0808{\nmargin-top:30px;\nmargin-bottom:30px;\n}\n.hr.av-cprlz5-1f2b34e27f1487f60e612b5f8f8f0808 .hr-inner{\nwidth:20%;\nborder-color:rgba(255,255,255,0.76);\nmax-width:45%;\n}\n.hr.av-cprlz5-1f2b34e27f1487f60e612b5f8f8f0808 .av-seperator-icon{\ncolor:#ffffff;\n}\n.hr.av-cprlz5-1f2b34e27f1487f60e612b5f8f8f0808 .av-seperator-icon.avia-svg-icon svg:first-child{\nfill:#ffffff;\nstroke:#ffffff;\n}\n<\/style>\n<div  class='hr av-cprlz5-1f2b34e27f1487f60e612b5f8f8f0808 hr-custom  avia-builder-el-2  el_after_av_heading  avia-builder-el-last  hr-center hr-icon-yes'><span class='hr-inner inner-border-av-border-thin'><span class=\"hr-inner-style\"><\/span><\/span><span class='av-seperator-icon avia-iconfont avia-font-entypo-fontello' data-av_icon='\ue8bf' data-av_iconfont='entypo-fontello' ><\/span><span class='hr-inner inner-border-av-border-thin'><span class=\"hr-inner-style\"><\/span><\/span><\/div>\n\n<\/div><\/div><\/main><!-- close content main element --><\/div><\/div><\/div><div id='av_section_2'  class='avia-section av-bjfh5d-1a00a3d8e3555a24bca5bce6a1e4acd9 main_color avia-section-no-padding avia-no-border-styling  avia-builder-el-3  el_after_av_section  avia-builder-el-last  avia-bg-style-fixed container_wrap sidebar_right'  ><div class='container av-section-cont-open' ><div class='template-page content  av-content-small alpha units'><div class='post-entry post-entry-type-page post-entry-11358'><div class='entry-content-wrapper clearfix'>\n<div class='flex_column_table av-9jwvyp-cc453ad8e48ccd9f6999980133799be9 sc-av_one_full av-equal-height-column-flextable'>\n<style type=\"text\/css\" data-created_by=\"avia_inline_auto\" id=\"style-css-av-9jwvyp-cc453ad8e48ccd9f6999980133799be9\">\n#top .flex_column_table.av-equal-height-column-flextable.av-9jwvyp-cc453ad8e48ccd9f6999980133799be9{\nmargin-top:-60px;\nmargin-bottom:0px;\n}\n.flex_column.av-9jwvyp-cc453ad8e48ccd9f6999980133799be9{\nborder-radius:0px 0px 0px 0px;\npadding:30px 30px 30px 30px;\nbackground-color:#ffffff;\n}\n<\/style>\n<div  class='flex_column av-9jwvyp-cc453ad8e48ccd9f6999980133799be9 av_one_full  avia-builder-el-4  avia-builder-el-no-sibling  first no_margin flex_column_table_cell av-equal-height-column av-align-top  '     ><p>\n<style type=\"text\/css\" data-created_by=\"avia_inline_auto\" id=\"style-css-av-7bbnip-49eddcb9ba76ddc9a610229f85cd573f\">\n#top .hr.hr-invisible.av-7bbnip-49eddcb9ba76ddc9a610229f85cd573f{\nmargin-top:-30px;\nheight:1px;\n}\n<\/style>\n<div  class='hr av-7bbnip-49eddcb9ba76ddc9a610229f85cd573f hr-invisible  avia-builder-el-5  el_before_av_heading  avia-builder-el-first  av-mini-hide'><span class='hr-inner '><span class=\"hr-inner-style\"><\/span><\/span><\/div><br \/>\n\n<style type=\"text\/css\" data-created_by=\"avia_inline_auto\" id=\"style-css-av-av_heading-4131e05988f6e3f2699ecfba82e59f1d\">\n#top .av-special-heading.av-av_heading-4131e05988f6e3f2699ecfba82e59f1d{\npadding-bottom:0;\n}\nbody .av-special-heading.av-av_heading-4131e05988f6e3f2699ecfba82e59f1d .av-special-heading-tag .heading-char{\nfont-size:25px;\n}\n.av-special-heading.av-av_heading-4131e05988f6e3f2699ecfba82e59f1d .av-subheading{\nfont-size:15px;\n}\n\n@media only screen and (max-width: 479px){ \n#top #wrap_all .av-special-heading.av-av_heading-4131e05988f6e3f2699ecfba82e59f1d .av-special-heading-tag{\nfont-size:18px;\n}\n}\n<\/style>\n<div  class='av-special-heading av-av_heading-4131e05988f6e3f2699ecfba82e59f1d av-special-heading-h2 blockquote modern-quote  avia-builder-el-6  el_after_av_hr  el_before_av_textblock '><h2 class='av-special-heading-tag '  itemprop=\"headline\"  >Your Conference Enquiry<\/h2><div class=\"special-heading-border\"><div class=\"special-heading-inner-border\"><\/div><\/div><\/div><br \/>\n<section  class='av_textblock_section av-k24oci0n-cae9b9751868c785c76bdb85aa979798 '   itemscope=\"itemscope\" itemtype=\"https:\/\/schema.org\/CreativeWork\" ><div class='avia_textblock'  itemprop=\"text\" ><p><span class=\"tlid-translation translation\" lang=\"en\"><span class=\"\" title=\"\">Your meeting at Schloss Wissen is just a few clicks away. After submitting the completed conference request, you will receive a <strong>non-binding conference offer<\/strong> by email, including an overview of optional additional services.<\/span><\/span><\/p>\n<\/div><\/section><br \/>\n\n<style type=\"text\/css\" data-created_by=\"avia_inline_auto\" id=\"style-css-av-3w5a69-da13afa72a71893b2b125e0cdb877bfb\">\n#top .hr.hr-invisible.av-3w5a69-da13afa72a71893b2b125e0cdb877bfb{\nheight:30px;\n}\n<\/style>\n<div  class='hr av-3w5a69-da13afa72a71893b2b125e0cdb877bfb hr-invisible  avia-builder-el-8  el_after_av_textblock  el_before_av_textblock '><span class='hr-inner '><span class=\"hr-inner-style\"><\/span><\/span><\/div><br \/>\n<section  class='av_textblock_section av-21og75-2370b9418adc5f0732791cb9f779ab49 '   itemscope=\"itemscope\" itemtype=\"https:\/\/schema.org\/CreativeWork\" ><div class='avia_textblock'  itemprop=\"text\" >\n<div class=\"wpcf7 no-js\" id=\"wpcf7-f9790-o1\" lang=\"de-DE\" dir=\"ltr\" data-wpcf7-id=\"9790\">\n<div class=\"screen-reader-response\"><p role=\"status\" aria-live=\"polite\" aria-atomic=\"true\"><\/p> <ul><\/ul><\/div>\n<form action=\"\/en\/wp-json\/wp\/v2\/pages\/11358#wpcf7-f9790-o1\" method=\"post\" class=\"wpcf7-form init\" aria-label=\"Kontaktformular\" novalidate=\"novalidate\" data-status=\"init\">\n<fieldset class=\"hidden-fields-container\"><input type=\"hidden\" name=\"_wpcf7\" value=\"9790\" \/><input type=\"hidden\" name=\"_wpcf7_version\" value=\"6.1.4\" \/><input type=\"hidden\" name=\"_wpcf7_locale\" value=\"de_DE\" \/><input type=\"hidden\" name=\"_wpcf7_unit_tag\" value=\"wpcf7-f9790-o1\" \/><input type=\"hidden\" name=\"_wpcf7_container_post\" value=\"0\" \/><input type=\"hidden\" name=\"_wpcf7_posted_data_hash\" value=\"\" \/>\n<\/fieldset>\n<div id=\"project-request\">\n\t<div class=\"form-row\">\n\t\t<div class=\"form-column large-12\">\n\t\t\t<p><strong>Tagungsdaten<\/strong>\n\t\t\t<\/p>\n\t\t<\/div>\n\t\t<div class=\"form-column large-12\">\n\t\t\t<div>\n\t\t\t\t<p><span class=\"wpcf7-form-control-wrap\" data-name=\"teilnehmer\"><input class=\"wpcf7-form-control wpcf7-number wpcf7-validates-as-required wpcf7-validates-as-number\" min=\"1\" max=\"999999\" aria-required=\"true\" aria-invalid=\"false\" value=\"\" type=\"number\" name=\"teilnehmer\" \/><\/span><label>Anzahl der Teilnehmer* (mindestens 2 Personen)<\/label>\n\t\t\t\t<\/p>\n\t\t\t<\/div>\n\t\t<\/div>\n\t\t<div class=\"form-column large-6\">\n\t\t\t<div>\n\t\t\t\t<p><span class=\"wpcf7-form-control-wrap\" data-name=\"tagung_datum_beginn\"><input size=\"40\" maxlength=\"400\" class=\"wpcf7-form-control wpcf7-text wpcf7-validates-as-required\" aria-required=\"true\" aria-invalid=\"false\" placeholder=\"\" value=\"\" type=\"text\" name=\"tagung_datum_beginn\" \/><\/span><label>Beginn*<\/label>\n\t\t\t\t<\/p>\n\t\t\t<\/div>\n\t\t<\/div>\n\t\t<div class=\"form-column large-6\">\n\t\t\t<div>\n\t\t\t\t<p><span class=\"wpcf7-form-control-wrap\" data-name=\"tagung_datum_ende\"><input size=\"40\" maxlength=\"400\" class=\"wpcf7-form-control wpcf7-text wpcf7-validates-as-required\" aria-required=\"true\" aria-invalid=\"false\" value=\"\" type=\"text\" name=\"tagung_datum_ende\" \/><\/span><label>Ende*<\/label>\n\t\t\t\t<\/p>\n\t\t\t<\/div>\n\t\t<\/div>\n\t\t<div class=\"form-column large-12\">\n\t\t\t<div>\n\t\t\t\t<p><span class=\"wpcf7-form-control-wrap tagungspauschale\"><select class=\"wpcf7-form-control wpcf7-pauschalen wpcf7-validates-as-required\" aria-required=\"true\" aria-invalid=\"false\" name=\"tagungspauschale\" autocomplete=\"both\" autocomplete=\"off\"><option value=\"\"><\/option><option value=\"9813\">Halbtags (0,5 Tage)<\/option><option value=\"9816\">Ganztags (1 Tag)<\/option><option value=\"9819\">Ganztags - 1 Tag inkl. \u00dcbernachtung<\/option><option value=\"12671\">Ganztags - 1,5 Tage inkl. \u00dcbernachtung<\/option><option value=\"12676\">Ganztags - 2 Tage inkl. 2 \u00dcbernachtungen<\/option><option value=\"12679\">Ganztags - 2,5 Tage inkl. 2 \u00dcbernachtungen<\/option><option value=\"12683\">Individuelle Anfrage<\/option><\/select><\/span><div class=\"pauschalen-notices\"><div data-maximum=\"50\" class=\"pauschalen-notice maximum 9813\"><p>Bitte beachten Sie, dass Tagungen auf Schloss Wissen f\u00fcr max. 50 Personen m\u00f6glich sind.<\/p>\n<\/div><div data-maximum=\"50\" class=\"pauschalen-notice maximum 9816\"><p>Bitte beachten Sie, dass Tagungen auf Schloss Wissen f\u00fcr max. 50 Personen m\u00f6glich sind.<\/p>\n<\/div><div data-maximum=\"21\" class=\"pauschalen-notice maximum 9819\"><p>Bitte beachten Sie, dass Schloss Wissen \u00fcber maximal 21 Doppelzimmer verf\u00fcgt.<br \/>\nBei gr\u00f6\u00dferen Gruppenst\u00e4rken beraten wir Sie gern zu alternativen \u00dcbernachtungsm\u00f6glichkeiten in der Umgebung. <\/p>\n<p>Bitte kontaktieren Sie uns telefonisch unter Tel.: +49 (0)2837 9619-0.<\/p>\n<\/div><div data-maximum=\"21\" class=\"pauschalen-notice maximum 12671\"><p>Bitte beachten Sie, dass Schloss Wissen \u00fcber maximal 21 Doppelzimmer verf\u00fcgt.<br \/>\nBei gr\u00f6\u00dferen Gruppenst\u00e4rken beraten wir Sie gern zu alternativen \u00dcbernachtungsm\u00f6glichkeiten in der Umgebung. <\/p>\n<p>Bitte kontaktieren Sie uns telefonisch unter Tel.: +49 (0)2837 9619-0.<\/p>\n<\/div><div data-maximum=\"21\" class=\"pauschalen-notice maximum 12676\"><p>Bitte beachten Sie, dass Schloss Wissen \u00fcber maximal 21 Doppelzimmer verf\u00fcgt.<br \/>\nBei gr\u00f6\u00dferen Gruppenst\u00e4rken beraten wir Sie gern zu alternativen \u00dcbernachtungsm\u00f6glichkeiten in der Umgebung. <\/p>\n<p>Bitte kontaktieren Sie uns telefonisch unter Tel.: +49 (0)2837 9619-0.<\/p>\n<\/div><div data-maximum=\"21\" class=\"pauschalen-notice maximum 12679\"><p>Bitte beachten Sie, dass Schloss Wissen \u00fcber maximal 21 Doppelzimmer verf\u00fcgt.<br \/>\nBei gr\u00f6\u00dferen Gruppenst\u00e4rken beraten wir Sie gern zu alternativen \u00dcbernachtungsm\u00f6glichkeiten in der Umgebung. <\/p>\n<p>Bitte kontaktieren Sie uns telefonisch unter Tel.: +49 (0)2837 9619-0.<\/p>\n<\/div><div data-maximum=\"50\" class=\"pauschalen-notice maximum 12683\"><p>Bitte beachten Sie, dass Tagungen auf Schloss Wissen f\u00fcr max. 50 Personen m\u00f6glich sind.<\/p>\n<\/div><\/div><label>Tagungspauschale*<\/label>\n\t\t\t\t<\/p>\n\t\t\t<\/div>\n\t\t<\/div>\n\t\t<div class=\"form-column large-12\">\n\t\t\t<p><div class=\"pauschalen-infoboxen\"><div class=\"9813 infobox\"><h3>Inklusivleistungen \"Halbtags (0,5 Tage)\u201c<\/h3>\r\n<ul>\r\n \t<li>Nutzung des Tagungsraumes f\u00fcr max. 4 Stunden<\/li>\r\n \t<li>Tagungstechnik (Projektor, Leinwand, Flipchart)<\/li>\r\n \t<li>Schreibbl\u00f6cke & Bleistifte f\u00fcr die Teilnehmer<\/li>\r\n \t<li>3 Softgetr\u00e4nke (0,2 l) pro Person im Tagungsraum<\/li>\r\n \t<li>Kaffee & Teepause (vormittags oder nachmittags):\r\n\u201es\u00fc\u00df & fruchtig\u201c oder \u201epikant & herzhaft\u201c<\/li>\r\n \t<li>Kostenfreier WLAN-Zugang und Parkpl\u00e4tze<\/li>\r\n<\/ul>\r\n\r\n<strong>88,00 \u20ac pro Person <\/strong><\/div><div class=\"9816 infobox\"><h3>Inklusivleistungen \u201eGanztags (1 Tag)\u201c<\/h3>\r\n<ul>\r\n \t<li>Ganzt\u00e4gige Nutzung des Tagungsraumes<\/li>\r\n \t<li>Tagungstechnik (Projektor, Leinwand, Flipchart)<\/li>\r\n \t<li>Schreibbl\u00f6cke & Bleistifte f\u00fcr die Teilnehmer<\/li>\r\n \t<li>Unbegrenzt Softgetr\u00e4nke und frischer Filterkaffee im Tagungsraum<\/li>\r\n \t<li>Zwei Kaffeepausen mit Kaffee & Tee (vormittags\/nachmittags):\r\n\u201es\u00fc\u00df & fruchtig\u201c oder \u201epikant & herzhaft\u201c<\/li>\r\n \t<li>Business-Lunch (2-Gang) inkl. Schloss Quelle (0,75 l) und Schloss Wissener Apfelsaft (0,7 l)<\/li>\r\n \t<li>Kostenfreier WLAN-Zugang und Parkpl\u00e4tze<\/li>\r\n<\/ul>\r\n<strong>99,00 \u20ac pro Person <\/strong><\/div><div class=\"9819 infobox\"><h3>Inklusivleistungen \u201eGanztags - 1 Tag inkl. \u00dcbernachtung\u201c<\/h3>\r\n<ul>\r\n \t<li>Ganzt\u00e4gige Nutzung des Tagungsraumes<\/li>\r\n \t<li>Tagungstechnik (Projektor, Leinwand, Flipchart)<\/li>\r\n \t<li>Schreibbl\u00f6cke & Bleistifte f\u00fcr die Teilnehmer<\/li>\r\n \t<li>Unbegrenzt Softgetr\u00e4nke und frischer Filterkaffee im Tagungsraum<\/li>\r\n \t<li>Zwei Kaffeepausen mit Kaffee & Tee (vormittags\/nachmittags):\r\n\u201es\u00fc\u00df & fruchtig\u201c oder \u201epikant & herzhaft\u201c<\/li>\r\n \t<li>Business-Lunch (2-Gang Buffet) inkl. Schloss Quelle (0,75 l) und Schloss Wissener Apfelsaft (0,7 l)<\/li>\r\n \t<li>\u00dcbernachtung in einem unserer stilvollen Zimmer inkl. Fr\u00fchst\u00fcck<\/li>\r\n \t<li>Kostenfreier WLAN-Zugang und Parkpl\u00e4tze<\/li>\r\n<\/ul>\r\n<strong>228,00 \u20ac pro Person <\/strong><\/div><div class=\"9822 infobox\"><\/div><div class=\"12671 infobox\"><h3>Inklusivleistungen \u201eGanztags - 1,5 Tage inkl. \u00dcbernachtung\u201c<\/h3>\r\n<ul>\r\n<li>Nutzung des Tagungsraumes<\/li>\r\n<li>Tagungstechnik (Projektor, Leinwand, Flipchart)<\/li>\r\n<li>Schreibbl\u00f6cke & Bleistifte f\u00fcr die Teilnehmer<\/li>\r\n<li>Unbegrenzt Softgetr\u00e4nke und frischer Filterkaffee im Tagungsraum<\/li>\r\n<li>Zwei Kaffeepausen mit Kaffee & Tee (vormittags\/nachmittags):\r\n\u201es\u00fc\u00df & fruchtig\u201c oder \u201epikant & herzhaft\u201c<\/li>\r\n<li>Business-Lunch (2-Gang Buffet) inkl. Schloss Quelle (0,75 l) und Schloss Wissener Apfelsaft (0,7 l)<\/li>\r\n<li>\u00dcbernachtung in einem unserer stilvollen Zimmer inkl. Fr\u00fchst\u00fcck<\/li>\r\n<li>Kostenfreier WLAN-Zugang und Parkpl\u00e4tze<\/li>\r\n<\/ul>\r\n<strong>316,00 \u20ac pro Person <\/strong><\/div><div class=\"12676 infobox\"><h3>Inklusivleistungen \u201eGanztags - 2 Tage inkl. 2 \u00dcbernachtungen\u201c<\/h3>\r\n\r\n<ul>\r\n<li>Ganzt\u00e4gige Nutzung des Tagungsraumes<\/li>\r\n<li>Tagungstechnik (Projektor, Leinwand, Flipchart)<\/li>\r\n<li>Schreibbl\u00f6cke & Bleistifte f\u00fcr die Teilnehmer<\/li>\r\n<li>Unbegrenzt Softgetr\u00e4nke und frischer Filterkaffee im Tagungsraum<\/li>\r\n<li>Zwei Kaffeepausen mit Kaffee & Tee (vormittags\/nachmittags):\r\n\u201es\u00fc\u00df & fruchtig\u201c oder \u201epikant & herzhaft\u201c<\/li>\r\n<li>Business-Lunch (2-Gang Buffet) inkl. Schloss Quelle (0,75 l) und Schloss Wissener Apfelsaft (0,7 l)<\/li>\r\n<li>\u00dcbernachtung in einem unserer stilvollen Zimmer inkl. Fr\u00fchst\u00fcck<\/li>\r\n<li>Kostenfreier WLAN-Zugang und Parkpl\u00e4tze<\/li>\r\n<\/ul>\r\n<strong>456,00 \u20ac pro Person <\/strong><\/div><div class=\"12679 infobox\"><h3>Inklusivleistungen \u201eGanztags - 2,5 Tage inkl. 2 \u00dcbernachtungen\u201c<\/h3>\r\n<ul>\r\n<li>Ganzt\u00e4gige Nutzung des Tagungsraumes<\/li>\r\n<li>Tagungstechnik (Projektor, Leinwand, Flipchart)<\/li>\r\n<li>Schreibbl\u00f6cke & Bleistifte f\u00fcr die Teilnehmer<\/li>\r\n<li>Unbegrenzt Softgetr\u00e4nke und frischer Filterkaffee im Tagungsraum<\/li>\r\n<li>Zwei Kaffeepausen mit Kaffee & Tee (vormittags\/nachmittags):\r\n\u201es\u00fc\u00df & fruchtig\u201c oder \u201epikant & herzhaft\u201c<\/li>\r\n<li>Business-Lunch (2-Gang Buffet) inkl. Schloss Quelle (0,75 l) und Schloss Wissener Apfelsaft (0,7 l)<\/li>\r\n<li>\u00dcbernachtung in einem unserer stilvollen Zimmer inkl. Fr\u00fchst\u00fcck<\/li>\r\n<li>Kostenfreier WLAN-Zugang und Parkpl\u00e4tze<\/li>\r\n<\/ul>\r\n<strong>544,00 \u20ac pro Person <\/strong><\/div><div class=\"12683 infobox\"><h3>Individuelle Anfrage<\/h3>\r\n<p> Sie w\u00fcnschen eine individuelle Planung Ihrer Veranstaltung? Gerne nehmen wir Ihre individuellen W\u00fcnsche entgegen und beraten Sie in einem pers\u00f6nlichen Gespr\u00e4ch. Bitte hinterlassen Sie uns hierf\u00fcr einfach Ihre Kontaktdaten. Wir setzen uns dann schnellstm\u00f6glich mit Ihnen in Verbindung, um Ihnen ein entsprechendes Angebot zu unterbreiten.<\/p><\/div><\/div>\n\t\t\t<\/p>\n\t\t<\/div>\n\t\t<div class=\"form-column large-12\">\n\t\t\t<p><strong>Kontaktdaten<\/strong>\n\t\t\t<\/p>\n\t\t<\/div>\n\t\t<div class=\"form-column large-6\">\n\t\t\t<div>\n\t\t\t\t<p><span class=\"wpcf7-form-control-wrap\" data-name=\"unternehmen\"><input size=\"40\" maxlength=\"400\" class=\"wpcf7-form-control wpcf7-text wpcf7-validates-as-required\" aria-required=\"true\" aria-invalid=\"false\" value=\"\" type=\"text\" name=\"unternehmen\" \/><\/span><label>Unternehmen*<\/label>\n\t\t\t\t<\/p>\n\t\t\t<\/div>\n\t\t<\/div>\n\t\t<div class=\"form-column large-6\">\n\t\t\t<div>\n\t\t\t\t<p><span class=\"wpcf7-form-control-wrap\" data-name=\"ansprechpartner\"><input size=\"40\" maxlength=\"400\" class=\"wpcf7-form-control wpcf7-text wpcf7-validates-as-required\" aria-required=\"true\" aria-invalid=\"false\" value=\"\" type=\"text\" name=\"ansprechpartner\" \/><\/span><label>Ansprechpartner*<\/label>\n\t\t\t\t<\/p>\n\t\t\t<\/div>\n\t\t<\/div>\n\t\t<div class=\"form-column large-6\">\n\t\t\t<div>\n\t\t\t\t<p><span class=\"wpcf7-form-control-wrap\" data-name=\"address\"><input size=\"40\" maxlength=\"400\" class=\"wpcf7-form-control wpcf7-text wpcf7-validates-as-required\" aria-required=\"true\" aria-invalid=\"false\" value=\"\" type=\"text\" name=\"address\" \/><\/span><label>Stra\u00dfe\/Hausnummer*<\/label>\n\t\t\t\t<\/p>\n\t\t\t<\/div>\n\t\t<\/div>\n\t\t<div class=\"form-column large-2\">\n\t\t\t<div>\n\t\t\t\t<p><span class=\"wpcf7-form-control-wrap\" data-name=\"postcode\"><input size=\"40\" maxlength=\"400\" class=\"wpcf7-form-control wpcf7-text wpcf7-validates-as-required\" aria-required=\"true\" aria-invalid=\"false\" value=\"\" type=\"text\" name=\"postcode\" \/><\/span><label>Postleitzahl*<\/label>\n\t\t\t\t<\/p>\n\t\t\t<\/div>\n\t\t<\/div>\n\t\t<div class=\"form-column large-4\">\n\t\t\t<div>\n\t\t\t\t<p><span class=\"wpcf7-form-control-wrap\" data-name=\"city\"><input size=\"40\" maxlength=\"400\" class=\"wpcf7-form-control wpcf7-text wpcf7-validates-as-required\" aria-required=\"true\" aria-invalid=\"false\" value=\"\" type=\"text\" name=\"city\" \/><\/span><label>Ort*<\/label>\n\t\t\t\t<\/p>\n\t\t\t<\/div>\n\t\t<\/div>\n\t\t<div class=\"form-column large-6\">\n\t\t\t<div>\n\t\t\t\t<p><span class=\"wpcf7-form-control-wrap\" data-name=\"email\"><input size=\"40\" maxlength=\"400\" class=\"wpcf7-form-control wpcf7-email wpcf7-validates-as-required wpcf7-text wpcf7-validates-as-email\" aria-required=\"true\" aria-invalid=\"false\" value=\"\" type=\"email\" name=\"email\" \/><\/span><label>Ihre E-Mail-Adresse*<\/label>\n\t\t\t\t<\/p>\n\t\t\t<\/div>\n\t\t<\/div>\n\t\t<div class=\"form-column large-6\">\n\t\t\t<div>\n\t\t\t\t<p><span class=\"wpcf7-form-control-wrap\" data-name=\"telefon\"><input size=\"40\" maxlength=\"400\" class=\"wpcf7-form-control wpcf7-tel wpcf7-validates-as-required wpcf7-text wpcf7-validates-as-tel\" aria-required=\"true\" aria-invalid=\"false\" value=\"\" type=\"tel\" name=\"telefon\" \/><\/span><label>Ihre Telefonnummer*<\/label>\n\t\t\t\t<\/p>\n\t\t\t<\/div>\n\t\t<\/div>\n\t\t<div class=\"form-column large-6\">\n\t\t\t\n\t\t<\/div>\n\t\t<div class=\"form-column large-6\">\n\t\t\t<p><span class=\"wpcf7-form-control-wrap\" data-name=\"kontaktaufnahme\"><span class=\"wpcf7-form-control wpcf7-checkbox\"><span class=\"wpcf7-list-item first last\"><input type=\"checkbox\" name=\"kontaktaufnahme[]\" value=\"Ich bitte um Kontaktaufnahme\" \/><span class=\"wpcf7-list-item-label\">Ich bitte um Kontaktaufnahme<\/span><\/span><\/span><\/span>\n\t\t\t<\/p>\n\t\t<\/div>\n\t\t<div class=\"form-column large-12\">\n\t\t\t\n\t\t<\/div>\n\t\t<div class=\"form-column large-12\">\n\t\t<div class=\"wpcf7-response-output\" aria-hidden=\"true\"><\/div>\n\t\t<\/div>\n\t\t<div class=\"form-column large-6 alignright\" style=\"float: right;\">\n\t\t\t<p><input class=\"wpcf7-form-control wpcf7-submit has-spinner avia-button avia-button-fullwidth avia-icon_select-no avia-color-theme-color\" type=\"submit\" value=\"Senden\" \/>\n\t\t\t<\/p>\n\t\t<\/div>\n\t<\/div>\n<\/div>\n<\/form>\n<\/div>\n\n<\/div><\/section><br \/>\n\n<style type=\"text\/css\" data-created_by=\"avia_inline_auto\" id=\"style-css-av-3w5a69-fa7e2a6d06418f8881b43dbd1fe5cd45\">\n#top .hr.hr-invisible.av-3w5a69-fa7e2a6d06418f8881b43dbd1fe5cd45{\nmargin-top:-30px;\nheight:1px;\n}\n<\/style>\n<div  class='hr av-3w5a69-fa7e2a6d06418f8881b43dbd1fe5cd45 hr-invisible  avia-builder-el-10  el_after_av_textblock  avia-builder-el-last '><span class='hr-inner '><span class=\"hr-inner-style\"><\/span><\/span><\/div><\/p><\/div><\/div><!--close column table wrapper. Autoclose: 1 --><\/div><\/div><\/div><!-- close content main div --><\/div><\/div><div id='after_section_2'  class='main_color av_default_container_wrap container_wrap sidebar_right'  ><div class='container av-section-cont-open' ><div class='template-page content  av-content-small alpha units'><div class='post-entry post-entry-type-page post-entry-11358'><div class='entry-content-wrapper clearfix'>\n","protected":false},"excerpt":{"rendered":"","protected":false},"author":278899,"featured_media":0,"parent":10399,"menu_order":0,"comment_status":"closed","ping_status":"closed","template":"","meta":{"footnotes":""},"class_list":["post-11358","page","type-page","status-publish","hentry"],"_links":{"self":[{"href":"https:\/\/schloss-wissen.de\/en\/wp-json\/wp\/v2\/pages\/11358","targetHints":{"allow":["GET"]}}],"collection":[{"href":"https:\/\/schloss-wissen.de\/en\/wp-json\/wp\/v2\/pages"}],"about":[{"href":"https:\/\/schloss-wissen.de\/en\/wp-json\/wp\/v2\/types\/page"}],"author":[{"embeddable":true,"href":"https:\/\/schloss-wissen.de\/en\/wp-json\/wp\/v2\/users\/278899"}],"replies":[{"embeddable":true,"href":"https:\/\/schloss-wissen.de\/en\/wp-json\/wp\/v2\/comments?post=11358"}],"version-history":[{"count":5,"href":"https:\/\/schloss-wissen.de\/en\/wp-json\/wp\/v2\/pages\/11358\/revisions"}],"predecessor-version":[{"id":12561,"href":"https:\/\/schloss-wissen.de\/en\/wp-json\/wp\/v2\/pages\/11358\/revisions\/12561"}],"up":[{"embeddable":true,"href":"https:\/\/schloss-wissen.de\/en\/wp-json\/wp\/v2\/pages\/10399"}],"wp:attachment":[{"href":"https:\/\/schloss-wissen.de\/en\/wp-json\/wp\/v2\/media?parent=11358"}],"curies":[{"name":"wp","href":"https:\/\/api.w.org\/{rel}","templated":true}]}}